{"id":101,"date":"2021-02-28T10:47:43","date_gmt":"2021-02-28T09:47:43","guid":{"rendered":"http:\/\/sportymiejskie.pl\/?page_id=101"},"modified":"2025-01-26T19:54:11","modified_gmt":"2025-01-26T18:54:11","slug":"publikacje","status":"publish","type":"page","link":"https:\/\/sportymiejskie.pl\/index.php\/publikacje\/","title":{"rendered":"Publikacje"},"content":{"rendered":"\n<div class=\"wp-block-file\"><a href=\"http:\/\/sportymiejskie.pl\/wp-content\/uploads\/2021\/04\/Wp\u0142yw-sport\u00f3w-miejskich-na-kszta\u0142t-przestrzeni-publicznych_Bogus\u0142aw-Hajda.pdf\">Wp\u0142yw sport\u00f3w miejskich na kszta\u0142t przestrzeni publicznych. Bogus\u0142aw Hajda<\/a><a href=\"http:\/\/sportymiejskie.pl\/wp-content\/uploads\/2021\/04\/Wp\u0142yw-sport\u00f3w-miejskich-na-kszta\u0142t-przestrzeni-publicznych_Bogus\u0142aw-Hajda.pdf\" class=\"wp-block-file__button wp-element-button\" download>Pobierz<\/a><\/div>\n\n\n\n<div class=\"wp-block-file\"><a href=\"http:\/\/sportymiejskie.pl\/wp-content\/uploads\/2021\/04\/Buildering-Spots-International_Tim-Jacobs.pdf\">Buildering Spots International. Tim Jacobs<\/a><a href=\"http:\/\/sportymiejskie.pl\/wp-content\/uploads\/2021\/04\/Buildering-Spots-International_Tim-Jacobs.pdf\" class=\"wp-block-file__button wp-element-button\" download>Pobierz<\/a><\/div>\n\n\n\n<div class=\"wp-block-file\"><a href=\"http:\/\/sportymiejskie.pl\/wp-content\/uploads\/2021\/04\/Superkilen-A-Project-by-BIG-Topotek1-Superflex_Barbara-Steiner-1.pdf\">Superkilen. A Project by BIG-Topotek1-Superflex. Barbara Steiner<\/a><a href=\"http:\/\/sportymiejskie.pl\/wp-content\/uploads\/2021\/04\/Superkilen-A-Project-by-BIG-Topotek1-Superflex_Barbara-Steiner-1.pdf\" class=\"wp-block-file__button wp-element-button\" download>Pobierz<\/a><\/div>\n\n\n\n<div class=\"wp-block-file\"><a href=\"http:\/\/sportymiejskie.pl\/wp-content\/uploads\/2021\/04\/Strefa-Relaksu_Plac-Bankowy_Raport-1.pdf\">Strefa Relaksu-Plac Bankowy. Raport<\/a><a href=\"http:\/\/sportymiejskie.pl\/wp-content\/uploads\/2021\/04\/Strefa-Relaksu_Plac-Bankowy_Raport-1.pdf\" class=\"wp-block-file__button wp-element-button\" download>Pobierz<\/a><\/div>\n\n\n\n<div class=\"wp-block-file\"><a href=\"https:\/\/sportymiejskie.pl\/wp-content\/uploads\/2022\/01\/Sport-dla-wszystkich-w-przestrzeniach-miasta.pdf\">Sport dla wszystkich w przestrzeniach miasta.<\/a><a href=\"https:\/\/sportymiejskie.pl\/wp-content\/uploads\/2022\/01\/Sport-dla-wszystkich-w-przestrzeniach-miasta.pdf\" class=\"wp-block-file__button wp-element-button\" download>Pobierz<\/a><\/div>\n\n\n\n<div class=\"wp-block-file\"><a href=\"https:\/\/sportymiejskie.pl\/wp-content\/uploads\/2022\/09\/Adaptacja-obiekt\u00f3w-poprzemys\u0142owych-dla-cel\u00f3w-sportu.-Streszczenie..pdf\">Adaptacja obiekt\u00f3w poprzemys\u0142owych dla cel\u00f3w sportu. Bogus\u0142aw Hajda <\/a><a href=\"https:\/\/sportymiejskie.pl\/wp-content\/uploads\/2022\/09\/Adaptacja-obiekt\u00f3w-poprzemys\u0142owych-dla-cel\u00f3w-sportu.-Streszczenie..pdf\" class=\"wp-block-file__button wp-element-button\" download>Pobierz<\/a><\/div>\n\n\n\n<div class=\"wp-block-file\"><a href=\"https:\/\/sportymiejskie.pl\/wp-content\/uploads\/2022\/09\/Obiekty-wspinaczkowe-jako-alternatywne-formy-wyko\u017cystania-przestrzeni-miasta.pdf\">Obiekty wspinaczkowe jako alternatywne formy wykorzystania przestrzeni miasta. Bogus\u0142aw Hajda<\/a><a href=\"https:\/\/sportymiejskie.pl\/wp-content\/uploads\/2022\/09\/Obiekty-wspinaczkowe-jako-alternatywne-formy-wyko\u017cystania-przestrzeni-miasta.pdf\" class=\"wp-block-file__button wp-element-button\" download>Pobierz<\/a><\/div>\n\n\n\n<div class=\"wp-block-file\"><a href=\"https:\/\/sportymiejskie.pl\/wp-content\/uploads\/2022\/09\/Problemy-przekszta\u0142ce\u0144-teren\u00f3w-poprzemys\u0142owych.pdf\">Problemy przekszta\u0142ce\u0144 teren\u00f3w poprzemys\u0142owych. Krzysztof Gasid\u0142o<\/a><a href=\"https:\/\/sportymiejskie.pl\/wp-content\/uploads\/2022\/09\/Problemy-przekszta\u0142ce\u0144-teren\u00f3w-poprzemys\u0142owych.pdf\" class=\"wp-block-file__button wp-element-button\" download>Pobierz<\/a><\/div>\n\n\n\n<div class=\"wp-block-file\"><a href=\"https:\/\/sportymiejskie.pl\/wp-content\/uploads\/2022\/09\/Kszta\u0142towanie-przestrzeni-sportowo.pdf\">Kszta\u0142towanie przestrzeni sportowo-rekreacyjnych w mie\u015bcie. Ewolucja problemu. Katarzyna Ujma-W\u0105sowicz<\/a><a href=\"https:\/\/sportymiejskie.pl\/wp-content\/uploads\/2022\/09\/Kszta\u0142towanie-przestrzeni-sportowo.pdf\" class=\"wp-block-file__button wp-element-button\" download>Pobierz<\/a><\/div>\n\n\n\n<div data-wp-interactive=\"core\/file\" class=\"wp-block-file\"><object data-wp-bind--hidden=\"!state.hasPdfPreview\"  class=\"wp-block-file__embed\" data=\"https:\/\/sportymiejskie.pl\/wp-content\/uploads\/2025\/01\/Vital-Cities-Raport-koncowy-4.pdf\" type=\"application\/pdf\" style=\"width:100%;height:600px\" aria-label=\"Osadzone z Vital-Cities-Raport-koncowy.\"><\/object><a id=\"wp-block-file--media-d1f47c86-d165-48d2-b847-5d3f861c417d\" href=\"https:\/\/sportymiejskie.pl\/wp-content\/uploads\/2025\/01\/Vital-Cities-Raport-koncowy-4.pdf\">Vital-Cities-Raport-koncowy<\/a><a href=\"https:\/\/sportymiejskie.pl\/wp-content\/uploads\/2025\/01\/Vital-Cities-Raport-koncowy-4.pdf\" class=\"wp-block-file__button wp-element-button\" download aria-describedby=\"wp-block-file--media-d1f47c86-d165-48d2-b847-5d3f861c417d\">Pobierz<\/a><\/div>\n","protected":false},"excerpt":{"rendered":"","protected":false},"author":1,"featured_media":0,"parent":0,"menu_order":0,"comment_status":"closed","ping_status":"closed","template":"","meta":{"footnotes":""},"_links":{"self":[{"href":"https:\/\/sportymiejskie.pl\/index.php\/wp-json\/wp\/v2\/pages\/101"}],"collection":[{"href":"https:\/\/sportymiejskie.pl\/index.php\/wp-json\/wp\/v2\/pages"}],"about":[{"href":"https:\/\/sportymiejskie.pl\/index.php\/wp-json\/wp\/v2\/types\/page"}],"author":[{"embeddable":true,"href":"https:\/\/sportymiejskie.pl\/index.php\/wp-json\/wp\/v2\/users\/1"}],"replies":[{"embeddable":true,"href":"https:\/\/sportymiejskie.pl\/index.php\/wp-json\/wp\/v2\/comments?post=101"}],"version-history":[{"count":29,"href":"https:\/\/sportymiejskie.pl\/index.php\/wp-json\/wp\/v2\/pages\/101\/revisions"}],"predecessor-version":[{"id":3145,"href":"https:\/\/sportymiejskie.pl\/index.php\/wp-json\/wp\/v2\/pages\/101\/revisions\/3145"}],"wp:attachment":[{"href":"https:\/\/sportymiejskie.pl\/index.php\/wp-json\/wp\/v2\/media?parent=101"}],"curies":[{"name":"wp","href":"https:\/\/api.w.org\/{rel}","templated":true}]}}