{"id":17,"date":"2021-02-22T16:49:41","date_gmt":"2021-02-22T15:49:41","guid":{"rendered":"http:\/\/sportymiejskie.pl\/?page_id=17"},"modified":"2026-03-30T21:01:17","modified_gmt":"2026-03-30T19:01:17","slug":"biogram","status":"publish","type":"page","link":"https:\/\/sportymiejskie.pl\/index.php\/biogram\/","title":{"rendered":"Biogram"},"content":{"rendered":"\n<p>W\u0142a\u015bciciel, wydawca i redaktor czasopisma elektronicznego &#8222;Sporty Miejskie&#8221;<\/p>\n\n\n\n<p>Architekt, urbanista, wspinacz.<\/p>\n\n\n\n<p class=\"has-text-align-left\">Uko\u0144czy\u0142 Wydzia\u0142 Architektury Politechniki \u015al\u0105skiej w Gliwicach. Tam te\u017c obroni\u0142 prac\u0119 doktorsk\u0105 na temat adaptacji obiekt\u00f3w poprzemys\u0142owych dla cel\u00f3w sportu. <\/p>\n\n\n\n<p class=\"has-text-align-left\">Zajmuje si\u0119 badaniem i programowaniem transformacji przestrzeni miejskich. Przedmiotem jego szczeg\u00f3lnych zainteresowa\u0144 s\u0105\u00a0obiekty, tereny i krajobrazy poprzemys\u0142owe.<\/p>\n\n\n\n<p>Prowadzi badania nad adaptacj\u0105 oraz transformacj\u0105 obiekt\u00f3w i teren\u00f3w dla sport\u00f3w miejskich, oraz wykorzystywaniem sport\u00f3w miejskich&nbsp;                         w procesach odnowy zdegradowanych fragment\u00f3w miast.<\/p>\n\n\n\n<p>Wspina si\u0119 od ponad 40 lat, z kt\u00f3rych ostatnie 20 po\u015bwi\u0119ca boulderingowi.<\/p>\n","protected":false},"excerpt":{"rendered":"<p>W\u0142a\u015bciciel, wydawca i redaktor czasopisma elektronicznego &#8222;Sporty Miejskie&#8221; Architekt, urbanista, wspinacz. Uko\u0144czy\u0142 Wydzia\u0142 Architektury Politechniki \u015al\u0105skiej w Gliwicach. Tam te\u017c obroni\u0142 prac\u0119 doktorsk\u0105 na temat adaptacji obiekt\u00f3w poprzemys\u0142owych dla cel\u00f3w sportu. Zajmuje si\u0119 badaniem i programowaniem transformacji przestrzeni miejskich. Przedmiotem jego szczeg\u00f3lnych zainteresowa\u0144 s\u0105\u00a0obiekty, tereny i krajobrazy poprzemys\u0142owe. Prowadzi badania&#8230; <a class=\"continue-reading-link\" href=\"https:\/\/sportymiejskie.pl\/index.php\/biogram\/\"> Continue reading <span class=\"meta-nav\">&rarr; <\/span><\/a><\/p>\n","protected":false},"author":1,"featured_media":0,"parent":0,"menu_order":0,"comment_status":"closed","ping_status":"closed","template":"","meta":{"footnotes":""},"_links":{"self":[{"href":"https:\/\/sportymiejskie.pl\/index.php\/wp-json\/wp\/v2\/pages\/17"}],"collection":[{"href":"https:\/\/sportymiejskie.pl\/index.php\/wp-json\/wp\/v2\/pages"}],"about":[{"href":"https:\/\/sportymiejskie.pl\/index.php\/wp-json\/wp\/v2\/types\/page"}],"author":[{"embeddable":true,"href":"https:\/\/sportymiejskie.pl\/index.php\/wp-json\/wp\/v2\/users\/1"}],"replies":[{"embeddable":true,"href":"https:\/\/sportymiejskie.pl\/index.php\/wp-json\/wp\/v2\/comments?post=17"}],"version-history":[{"count":14,"href":"https:\/\/sportymiejskie.pl\/index.php\/wp-json\/wp\/v2\/pages\/17\/revisions"}],"predecessor-version":[{"id":3758,"href":"https:\/\/sportymiejskie.pl\/index.php\/wp-json\/wp\/v2\/pages\/17\/revisions\/3758"}],"wp:attachment":[{"href":"https:\/\/sportymiejskie.pl\/index.php\/wp-json\/wp\/v2\/media?parent=17"}],"curies":[{"name":"wp","href":"https:\/\/api.w.org\/{rel}","templated":true}]}}