{"id":6,"date":"2021-02-21T17:10:46","date_gmt":"2021-02-21T16:10:46","guid":{"rendered":"http:\/\/sportymiejskie.pl\/?page_id=6"},"modified":"2025-12-10T12:38:14","modified_gmt":"2025-12-10T11:38:14","slug":"sporty-miejskie","status":"publish","type":"page","link":"https:\/\/sportymiejskie.pl\/","title":{"rendered":"O sportach miejskich"},"content":{"rendered":"\n<figure class=\"wp-block-image size-large\"><img loading=\"lazy\" decoding=\"async\" width=\"1024\" height=\"576\" src=\"https:\/\/sportymiejskie.pl\/wp-content\/uploads\/2025\/12\/new-balance-numerics-tinto-de-ve-1024x576.jpg\" alt=\"\" class=\"wp-image-3662\" srcset=\"https:\/\/sportymiejskie.pl\/wp-content\/uploads\/2025\/12\/new-balance-numerics-tinto-de-ve-1024x576.jpg 1024w, https:\/\/sportymiejskie.pl\/wp-content\/uploads\/2025\/12\/new-balance-numerics-tinto-de-ve-300x169.jpg 300w, https:\/\/sportymiejskie.pl\/wp-content\/uploads\/2025\/12\/new-balance-numerics-tinto-de-ve-768x432.jpg 768w, https:\/\/sportymiejskie.pl\/wp-content\/uploads\/2025\/12\/new-balance-numerics-tinto-de-ve-150x84.jpg 150w, https:\/\/sportymiejskie.pl\/wp-content\/uploads\/2025\/12\/new-balance-numerics-tinto-de-ve-250x141.jpg 250w, https:\/\/sportymiejskie.pl\/wp-content\/uploads\/2025\/12\/new-balance-numerics-tinto-de-ve.jpg 1280w\" sizes=\"(max-width: 1024px) 100vw, 1024px\" \/><figcaption class=\"wp-element-caption\">Kadr z filmu \u201eTinto de Verano\u201d New Balance Numeric. \u0179r\u00f3d\u0142o: www.skateism.com<\/figcaption><\/figure>\n\n\n\n<p>Odpowied\u017a na pytanie &gt;co to s\u0105 sporty miejskie?&lt; wydaje si\u0119&nbsp; prosta. Sporty miejskie to dyscypliny sportowe uprawiane w mie\u015bcie. Lecz czy ka\u017cd\u0105 dyscyplin\u0119 sportu uprawian\u0105 w mie\u015bcie mo\u017cna nazwa\u0107 sportem miejskim? A je\u017celi uznamy sporty miejskie za odr\u0119bn\u0105 kategori\u0119 sport\u00f3w, to jakie cechy &nbsp;odr\u00f3\u017cniaj\u0105 j\u0105 od innych kategorii? W \u017ar\u00f3d\u0142ach polskoj\u0119zycznych nie znajdujemy definicji poj\u0119cia \u201esporty miejskie\u201d. A angielskie urban sports, urban games, street sports czy street games w r\u00f3\u017cnych \u017ar\u00f3d\u0142ach maj\u0105 odmienne znaczenia. <\/p>\n\n\n\n<p>Mo\u017cna za\u0142o\u017cy\u0107, \u017ce sporty miejskie to dyscypliny sportowe uprawiane                    w \u015brodowisku ukszta\u0142towanym przez cz\u0142owieka. Za\u015b od dyscyplin z innych kategorii sport\u00f3w odr\u00f3\u017cnia je to, \u017ce mog\u0105 by\u0107 uprawianie poza specjaln\u0105 infrastruktur\u0105&nbsp; sportow\u0105, a regu\u0142y ich uprawiania nie s\u0105 sta\u0142e. &nbsp;<\/p>\n\n\n\n<p>Jest jeszcze jedna, dla mnie bardzo wa\u017cna, wyr\u00f3\u017cniaj\u0105ce je &nbsp;cecha. Sporty miejskie potrafi\u0105 dostarcza\u0107 przestrzeniom i obiektom&nbsp; nowych znacze\u0144                i warto\u015bci. &nbsp;Zar\u00f3wno w sensie u\u017cytkowym, jak i emocjonalnym.<\/p>\n\n\n\n<p><a href=\"http:\/\/sportymiejskie.pl\/index.php\/biogram\/\">Bogus\u0142aw Hajda<\/a><\/p>\n\n\n\n<p><\/p>\n\n\n\n<p class=\"has-text-align-left\">Czasopismo elektroniczne Sporty Miejskie zosta\u0142o wpisane do                          Rejestru Dziennik\u00f3w i Czasopism pod pozycj\u0105 Pr. 3031.                        Postanowienie S\u0105du Okr\u0119gowego w Katowicach z dnia 22 marca 2021 r.<\/p>\n","protected":false},"excerpt":{"rendered":"<p>Odpowied\u017a na pytanie &gt;co to s\u0105 sporty miejskie?&lt; wydaje si\u0119&nbsp; prosta. Sporty miejskie to dyscypliny sportowe uprawiane w mie\u015bcie. Lecz czy ka\u017cd\u0105 dyscyplin\u0119 sportu uprawian\u0105 w mie\u015bcie mo\u017cna nazwa\u0107 sportem miejskim? A je\u017celi uznamy sporty miejskie za odr\u0119bn\u0105 kategori\u0119 sport\u00f3w, to jakie cechy &nbsp;odr\u00f3\u017cniaj\u0105 j\u0105 od innych kategorii? W \u017ar\u00f3d\u0142ach&#8230; <a class=\"continue-reading-link\" href=\"https:\/\/sportymiejskie.pl\/\"> Continue reading <span class=\"meta-nav\">&rarr; <\/span><\/a><\/p>\n","protected":false},"author":1,"featured_media":0,"parent":0,"menu_order":0,"comment_status":"closed","ping_status":"closed","template":"","meta":{"footnotes":""},"_links":{"self":[{"href":"https:\/\/sportymiejskie.pl\/index.php\/wp-json\/wp\/v2\/pages\/6"}],"collection":[{"href":"https:\/\/sportymiejskie.pl\/index.php\/wp-json\/wp\/v2\/pages"}],"about":[{"href":"https:\/\/sportymiejskie.pl\/index.php\/wp-json\/wp\/v2\/types\/page"}],"author":[{"embeddable":true,"href":"https:\/\/sportymiejskie.pl\/index.php\/wp-json\/wp\/v2\/users\/1"}],"replies":[{"embeddable":true,"href":"https:\/\/sportymiejskie.pl\/index.php\/wp-json\/wp\/v2\/comments?post=6"}],"version-history":[{"count":38,"href":"https:\/\/sportymiejskie.pl\/index.php\/wp-json\/wp\/v2\/pages\/6\/revisions"}],"predecessor-version":[{"id":3667,"href":"https:\/\/sportymiejskie.pl\/index.php\/wp-json\/wp\/v2\/pages\/6\/revisions\/3667"}],"wp:attachment":[{"href":"https:\/\/sportymiejskie.pl\/index.php\/wp-json\/wp\/v2\/media?parent=6"}],"curies":[{"name":"wp","href":"https:\/\/api.w.org\/{rel}","templated":true}]}}